{"id":30,"date":"2020-04-22T13:38:41","date_gmt":"2020-04-22T13:38:41","guid":{"rendered":"http:\/\/dunkelfeld-film.de\/?page_id=30"},"modified":"2022-01-27T12:12:11","modified_gmt":"2022-01-27T11:12:11","slug":"fact-sheet","status":"publish","type":"page","link":"https:\/\/dunkelfeld-film.de\/?page_id=30","title":{"rendered":"Fact sheet"},"content":{"rendered":"\n<p><strong>L\u00e4nge \/ length<\/strong><br>16 min 12 s<\/p>\n\n\n\n<p><strong>Format \/ format<\/strong><br>FHD (16:9)<br>DCP, file<\/p>\n\n\n\n<p><strong>Audio<\/strong><br>5.1, 2.0<\/p>\n\n\n\n<p><strong>Language<\/strong><br>German \/ Turkish<\/p>\n\n\n\n<p><strong>Subtitles available<\/strong><br>German \/ Turkish, English<\/p>\n\n\n\n<p><strong>world premiere<\/strong><br>Internationale Kurzfilmtage Oberhausen, German Competition<\/p>\n\n\n\n<p><\/p>\n\n\n\n<p><strong>Postproduction funded by<\/strong><br>Ministerium f\u00fcr Kultur und Wissenschaft des Landes NRW<br>Individuelle K\u00fcnstlerinnen- und K\u00fcnstlerf\u00f6rderung \/ ecce<\/p>\n","protected":false},"excerpt":{"rendered":"<p>L\u00e4nge \/ length16 min 12 s Format \/ formatFHD (16:9)DCP, file Audio5.1, 2.0 LanguageGerman \/ Turkish Subtitles availableGerman \/ Turkish, English world premiereInternationale Kurzfilmtage Oberhausen, German Competition Postproduction funded byMinisterium f\u00fcr Kultur und Wissenschaft des Landes NRWIndividuelle K\u00fcnstlerinnen- und K\u00fcnstlerf\u00f6rderung \/ ecce<\/p>\n","protected":false},"author":1,"featured_media":0,"parent":0,"menu_order":0,"comment_status":"closed","ping_status":"closed","template":"","meta":[],"_links":{"self":[{"href":"https:\/\/dunkelfeld-film.de\/index.php?rest_route=\/wp\/v2\/pages\/30"}],"collection":[{"href":"https:\/\/dunkelfeld-film.de\/index.php?rest_route=\/wp\/v2\/pages"}],"about":[{"href":"https:\/\/dunkelfeld-film.de\/index.php?rest_route=\/wp\/v2\/types\/page"}],"author":[{"embeddable":true,"href":"https:\/\/dunkelfeld-film.de\/index.php?rest_route=\/wp\/v2\/users\/1"}],"replies":[{"embeddable":true,"href":"https:\/\/dunkelfeld-film.de\/index.php?rest_route=%2Fwp%2Fv2%2Fcomments&post=30"}],"version-history":[{"count":7,"href":"https:\/\/dunkelfeld-film.de\/index.php?rest_route=\/wp\/v2\/pages\/30\/revisions"}],"predecessor-version":[{"id":145,"href":"https:\/\/dunkelfeld-film.de\/index.php?rest_route=\/wp\/v2\/pages\/30\/revisions\/145"}],"wp:attachment":[{"href":"https:\/\/dunkelfeld-film.de\/index.php?rest_route=%2Fwp%2Fv2%2Fmedia&parent=30"}],"curies":[{"name":"wp","href":"https:\/\/api.w.org\/{rel}","templated":true}]}}